{"id":1763,"date":"2025-11-24T09:42:36","date_gmt":"2025-11-24T08:42:36","guid":{"rendered":"https:\/\/www.umaraliving.com\/umara-network\/"},"modified":"2025-12-02T17:46:02","modified_gmt":"2025-12-02T16:46:02","slug":"umara-network","status":"publish","type":"page","link":"https:\/\/www.umaraliving.com\/fr\/umara-network\/","title":{"rendered":"La communaut\u00e9 Umara"},"content":{"rendered":"\t\t<div data-elementor-type=\"wp-page\" data-elementor-id=\"1763\" class=\"elementor elementor-1763 elementor-1236\" data-elementor-post-type=\"page\">\n\t\t\t\t<div class=\"elementor-element elementor-element-53f778e5 e-flex e-con-boxed e-con e-parent\" data-id=\"53f778e5\" data-element_type=\"container\" data-e-type=\"container\" data-settings=\"{&quot;background_background&quot;:&quot;classic&quot;}\">\n\t\t\t\t\t<div class=\"e-con-inner\">\n\t\t<div class=\"elementor-element elementor-element-3677a757 e-con-full e-flex e-con e-child\" data-id=\"3677a757\" data-element_type=\"container\" data-e-type=\"container\">\n\t\t\t\t<div class=\"elementor-element elementor-element-74811349 elementor-widget elementor-widget-text-editor\" data-id=\"74811349\" data-element_type=\"widget\" data-e-type=\"widget\" data-widget_type=\"text-editor.default\">\n\t\t\t\t\t\t\t\t\t<p>La communaut\u00e9 UMARA\u00ae<\/p>\t\t\t\t\t\t\t\t<\/div>\n\t\t\t\t<\/div>\n\t\t<div class=\"elementor-element elementor-element-28673866 e-con-full e-flex e-con e-child\" data-id=\"28673866\" data-element_type=\"container\" data-e-type=\"container\">\n\t\t<div class=\"elementor-element elementor-element-7a9441b3 e-con-full e-flex e-con e-child\" data-id=\"7a9441b3\" data-element_type=\"container\" data-e-type=\"container\">\n\t\t\t\t<div class=\"elementor-element elementor-element-19e9f45f elementor-widget elementor-widget-text-editor\" data-id=\"19e9f45f\" data-element_type=\"widget\" data-e-type=\"widget\" data-widget_type=\"text-editor.default\">\n\t\t\t\t\t\t\t\t\t<p>Rejoignez le r\u00e9seau professionnel UMARA\u00ae et int\u00e9grez une communaut\u00e9 qui vit le design, pr\u00f4ne la qualit\u00e9 sans compromis et partage la passion pour des espaces ext\u00e9rieurs uniques.<\/p><p>Remplissez le formulaire et d\u00e9couvrez comment grandir aux c\u00f4t\u00e9s d\u2019une marque qui mise sur l\u2019excellence, la collaboration et une nouvelle mani\u00e8re de vivre \u2014 et de transformer \u2014 l\u2019outdoor.<\/p>\t\t\t\t\t\t\t\t<\/div>\n\t\t\t\t<\/div>\n\t\t\t\t<\/div>\n\t\t\t\t\t<\/div>\n\t\t\t\t<\/div>\n\t\t<div class=\"elementor-element elementor-element-701ccdc7 e-con-full e-flex e-con e-parent\" data-id=\"701ccdc7\" data-element_type=\"container\" data-e-type=\"container\">\n\t\t<div class=\"elementor-element elementor-element-3690f682 e-con-full e-flex e-con e-child\" data-id=\"3690f682\" data-element_type=\"container\" data-e-type=\"container\" data-settings=\"{&quot;background_background&quot;:&quot;classic&quot;}\">\n\t\t<div class=\"elementor-element elementor-element-4c5bd63c e-con-full e-flex e-con e-child\" data-id=\"4c5bd63c\" data-element_type=\"container\" data-e-type=\"container\" data-settings=\"{&quot;background_background&quot;:&quot;classic&quot;}\">\n\t\t\t\t<div class=\"elementor-element elementor-element-ee4cd1c elementor-widget elementor-widget-text-editor\" data-id=\"ee4cd1c\" data-element_type=\"widget\" data-e-type=\"widget\" data-widget_type=\"text-editor.default\">\n\t\t\t\t\t\t\t\t\t<p>Vous souhaitez rejoindre<br>le r\u00e9seau professionnel UMARA\u00ae\u202f?<\/p>\t\t\t\t\t\t\t\t<\/div>\n\t\t\t\t<\/div>\n\t\t<div class=\"elementor-element elementor-element-68d3f855 e-con-full e-flex e-con e-child\" data-id=\"68d3f855\" data-element_type=\"container\" data-e-type=\"container\">\n\t\t\t\t<div class=\"elementor-element elementor-element-5da575c9 elementor-button-align-center elementor-mobile-button-align-stretch elementor-widget elementor-widget-form\" data-id=\"5da575c9\" data-element_type=\"widget\" data-e-type=\"widget\" data-settings=\"{&quot;step_next_label&quot;:&quot;Next&quot;,&quot;step_previous_label&quot;:&quot;Previous&quot;,&quot;button_width&quot;:&quot;100&quot;,&quot;step_type&quot;:&quot;number_text&quot;,&quot;step_icon_shape&quot;:&quot;circle&quot;}\" data-widget_type=\"form.default\">\n\t\t\t\t\t\t\t<form class=\"elementor-form\" method=\"post\" name=\"Nouveau formulaire\" aria-label=\"Nouveau formulaire\">\n\t\t\t<input type=\"hidden\" name=\"post_id\" value=\"1763\"\/>\n\t\t\t<input type=\"hidden\" name=\"form_id\" value=\"5da575c9\"\/>\n\t\t\t<input type=\"hidden\" name=\"referer_title\" value=\"La communaut\u00e9 Umara - UMARA\" \/>\n\n\t\t\t\t\t\t\t<input type=\"hidden\" name=\"queried_id\" value=\"1763\"\/>\n\t\t\t\n\t\t\t<div class=\"elementor-form-fields-wrapper elementor-labels-above\">\n\t\t\t\t\t\t\t\t<div class=\"elementor-field-type-text elementor-field-group elementor-column elementor-field-group-name elementor-col-50\">\n\t\t\t\t\t\t\t\t\t\t\t\t<label for=\"form-field-name\" class=\"elementor-field-label\">\n\t\t\t\t\t\t\t\tName\t\t\t\t\t\t\t<\/label>\n\t\t\t\t\t\t\t\t\t\t\t\t\t\t<input size=\"1\" type=\"text\" name=\"form_fields[name]\" id=\"form-field-name\" class=\"elementor-field elementor-size-sm  elementor-field-textual\">\n\t\t\t\t\t\t\t\t\t\t\t<\/div>\n\t\t\t\t\t\t\t\t<div class=\"elementor-field-type-text elementor-field-group elementor-column elementor-field-group-field_4971046 elementor-col-50\">\n\t\t\t\t\t\t\t\t\t\t\t\t<label for=\"form-field-field_4971046\" class=\"elementor-field-label\">\n\t\t\t\t\t\t\t\tLast name\t\t\t\t\t\t\t<\/label>\n\t\t\t\t\t\t\t\t\t\t\t\t\t\t<input size=\"1\" type=\"text\" name=\"form_fields[field_4971046]\" id=\"form-field-field_4971046\" class=\"elementor-field elementor-size-sm  elementor-field-textual\">\n\t\t\t\t\t\t\t\t\t\t\t<\/div>\n\t\t\t\t\t\t\t\t<div class=\"elementor-field-type-tel elementor-field-group elementor-column elementor-field-group-email elementor-col-50 elementor-field-required\">\n\t\t\t\t\t\t\t\t\t\t\t\t<label for=\"form-field-email\" class=\"elementor-field-label\">\n\t\t\t\t\t\t\t\tPhone\t\t\t\t\t\t\t<\/label>\n\t\t\t\t\t\t\t\t<input size=\"1\" type=\"tel\" name=\"form_fields[email]\" id=\"form-field-email\" class=\"elementor-field elementor-size-sm  elementor-field-textual\" placeholder=\" \" required=\"required\" pattern=\"[0-9()#&amp;+*-=.]+\" title=\"Seuls les caract\u00e8res de num\u00e9ros de t\u00e9l\u00e9phone (#, -, *, etc.) sont accept\u00e9s.\">\n\n\t\t\t\t\t\t<\/div>\n\t\t\t\t\t\t\t\t<div class=\"elementor-field-type-email elementor-field-group elementor-column elementor-field-group-field_4f5525b elementor-col-50 elementor-field-required\">\n\t\t\t\t\t\t\t\t\t\t\t\t<label for=\"form-field-field_4f5525b\" class=\"elementor-field-label\">\n\t\t\t\t\t\t\t\tEmail\t\t\t\t\t\t\t<\/label>\n\t\t\t\t\t\t\t\t\t\t\t\t\t\t<input size=\"1\" type=\"email\" name=\"form_fields[field_4f5525b]\" id=\"form-field-field_4f5525b\" class=\"elementor-field elementor-size-sm  elementor-field-textual\" required=\"required\">\n\t\t\t\t\t\t\t\t\t\t\t<\/div>\n\t\t\t\t\t\t\t\t<div class=\"elementor-field-type-text elementor-field-group elementor-column elementor-field-group-field_90985aa elementor-col-50\">\n\t\t\t\t\t\t\t\t\t\t\t\t<label for=\"form-field-field_90985aa\" class=\"elementor-field-label\">\n\t\t\t\t\t\t\t\tCompany\t\t\t\t\t\t\t<\/label>\n\t\t\t\t\t\t\t\t\t\t\t\t\t\t<input size=\"1\" type=\"text\" name=\"form_fields[field_90985aa]\" id=\"form-field-field_90985aa\" class=\"elementor-field elementor-size-sm  elementor-field-textual\">\n\t\t\t\t\t\t\t\t\t\t\t<\/div>\n\t\t\t\t\t\t\t\t<div class=\"elementor-field-type-text elementor-field-group elementor-column elementor-field-group-field_afe6115 elementor-col-25\">\n\t\t\t\t\t\t\t\t\t\t\t\t<label for=\"form-field-field_afe6115\" class=\"elementor-field-label\">\n\t\t\t\t\t\t\t\tCountry\t\t\t\t\t\t\t<\/label>\n\t\t\t\t\t\t\t\t\t\t\t\t\t\t<input size=\"1\" type=\"text\" name=\"form_fields[field_afe6115]\" id=\"form-field-field_afe6115\" class=\"elementor-field elementor-size-sm  elementor-field-textual\">\n\t\t\t\t\t\t\t\t\t\t\t<\/div>\n\t\t\t\t\t\t\t\t<div class=\"elementor-field-type-text elementor-field-group elementor-column elementor-field-group-field_14badbe elementor-col-25\">\n\t\t\t\t\t\t\t\t\t\t\t\t<label for=\"form-field-field_14badbe\" class=\"elementor-field-label\">\n\t\t\t\t\t\t\t\tState\t\t\t\t\t\t\t<\/label>\n\t\t\t\t\t\t\t\t\t\t\t\t\t\t<input size=\"1\" type=\"text\" name=\"form_fields[field_14badbe]\" id=\"form-field-field_14badbe\" class=\"elementor-field elementor-size-sm  elementor-field-textual\">\n\t\t\t\t\t\t\t\t\t\t\t<\/div>\n\t\t\t\t\t\t\t\t<div class=\"elementor-field-type-textarea elementor-field-group elementor-column elementor-field-group-message elementor-col-100\">\n\t\t\t\t\t\t\t\t\t\t\t\t<label for=\"form-field-message\" class=\"elementor-field-label\">\n\t\t\t\t\t\t\t\tComments\t\t\t\t\t\t\t<\/label>\n\t\t\t\t\t\t<textarea class=\"elementor-field-textual elementor-field  elementor-size-sm\" name=\"form_fields[message]\" id=\"form-field-message\" rows=\"4\"><\/textarea>\t\t\t\t<\/div>\n\t\t\t\t\t\t\t\t<div class=\"elementor-field-type-recaptcha_v3 elementor-field-group elementor-column elementor-field-group-field_b5a2aab elementor-col-100 recaptcha_v3-bottomright\">\n\t\t\t\t\t<div class=\"elementor-field\" id=\"form-field-field_b5a2aab\"><div class=\"elementor-g-recaptcha\" data-sitekey=\"6LeyKB8sAAAAAIt5bcjrVo8M4fdnCZyXrmbleHhs\" data-type=\"v3\" data-action=\"Form\" data-badge=\"bottomright\" data-size=\"invisible\"><\/div><\/div>\t\t\t\t<\/div>\n\t\t\t\t\t\t\t\t<div class=\"elementor-field-group elementor-column elementor-field-type-submit elementor-col-100 e-form__buttons\">\n\t\t\t\t\t<button class=\"elementor-button elementor-size-sm\" type=\"submit\">\n\t\t\t\t\t\t<span class=\"elementor-button-content-wrapper\">\n\t\t\t\t\t\t\t\t\t\t\t\t\t\t\t\t\t\t\t\t\t\t<span class=\"elementor-button-text\">Envoyer<\/span>\n\t\t\t\t\t\t\t\t\t\t\t\t\t<\/span>\n\t\t\t\t\t<\/button>\n\t\t\t\t<\/div>\n\t\t\t<\/div>\n\t\t<\/form>\n\t\t\t\t\t\t<\/div>\n\t\t\t\t<\/div>\n\t\t\t\t<\/div>\n\t\t\t\t<\/div>\n\t\t\t\t<\/div>\n\t\t","protected":false},"excerpt":{"rendered":"<p>La communaut\u00e9 UMARA\u00ae Rejoignez le r\u00e9seau professionnel UMARA\u00ae et int\u00e9grez une communaut\u00e9 qui vit le design, pr\u00f4ne la qualit\u00e9 sans compromis et partage la passion pour des espaces ext\u00e9rieurs uniques. Remplissez le formulaire et d\u00e9couvrez comment grandir aux c\u00f4t\u00e9s d\u2019une marque qui mise sur l\u2019excellence, la collaboration et une nouvelle mani\u00e8re de vivre \u2014 et [&hellip;]<\/p>\n","protected":false},"author":2,"featured_media":0,"parent":0,"menu_order":0,"comment_status":"closed","ping_status":"closed","template":"elementor_header_footer","meta":{"footnotes":""},"class_list":["post-1763","page","type-page","status-publish","hentry"],"yoast_head":"<!-- This site is optimized with the Yoast SEO plugin v27.2 - https:\/\/yoast.com\/product\/yoast-seo-wordpress\/ -->\n<title>La communaut\u00e9 Umara - UMARA<\/title>\n<meta name=\"robots\" content=\"index, follow, max-snippet:-1, max-image-preview:large, max-video-preview:-1\" \/>\n<link rel=\"canonical\" href=\"https:\/\/www.umaraliving.com\/fr\/umara-network\/\" \/>\n<meta property=\"og:locale\" content=\"fr_FR\" \/>\n<meta property=\"og:type\" content=\"article\" \/>\n<meta property=\"og:title\" content=\"La communaut\u00e9 Umara - UMARA\" \/>\n<meta property=\"og:description\" content=\"La communaut\u00e9 UMARA\u00ae Rejoignez le r\u00e9seau professionnel UMARA\u00ae et int\u00e9grez une communaut\u00e9 qui vit le design, pr\u00f4ne la qualit\u00e9 sans compromis et partage la passion pour des espaces ext\u00e9rieurs uniques. Remplissez le formulaire et d\u00e9couvrez comment grandir aux c\u00f4t\u00e9s d\u2019une marque qui mise sur l\u2019excellence, la collaboration et une nouvelle mani\u00e8re de vivre \u2014 et [&hellip;]\" \/>\n<meta property=\"og:url\" content=\"https:\/\/www.umaraliving.com\/fr\/umara-network\/\" \/>\n<meta property=\"og:site_name\" content=\"UMARA\" \/>\n<meta property=\"article:modified_time\" content=\"2025-12-02T16:46:02+00:00\" \/>\n<meta name=\"twitter:card\" content=\"summary_large_image\" \/>\n<script type=\"application\/ld+json\" class=\"yoast-schema-graph\">{\"@context\":\"https:\/\/schema.org\",\"@graph\":[{\"@type\":\"WebPage\",\"@id\":\"https:\/\/www.umaraliving.com\/fr\/umara-network\/\",\"url\":\"https:\/\/www.umaraliving.com\/fr\/umara-network\/\",\"name\":\"La communaut\u00e9 Umara - UMARA\",\"isPartOf\":{\"@id\":\"https:\/\/www.umaraliving.com\/fr\/#website\"},\"datePublished\":\"2025-11-24T08:42:36+00:00\",\"dateModified\":\"2025-12-02T16:46:02+00:00\",\"breadcrumb\":{\"@id\":\"https:\/\/www.umaraliving.com\/fr\/umara-network\/#breadcrumb\"},\"inLanguage\":\"fr-FR\",\"potentialAction\":[{\"@type\":\"ReadAction\",\"target\":[\"https:\/\/www.umaraliving.com\/fr\/umara-network\/\"]}]},{\"@type\":\"BreadcrumbList\",\"@id\":\"https:\/\/www.umaraliving.com\/fr\/umara-network\/#breadcrumb\",\"itemListElement\":[{\"@type\":\"ListItem\",\"position\":1,\"name\":\"Portada\",\"item\":\"https:\/\/www.umaraliving.com\/fr\/\"},{\"@type\":\"ListItem\",\"position\":2,\"name\":\"La communaut\u00e9 Umara\"}]},{\"@type\":\"WebSite\",\"@id\":\"https:\/\/www.umaraliving.com\/fr\/#website\",\"url\":\"https:\/\/www.umaraliving.com\/fr\/\",\"name\":\"UMARA\",\"description\":\"Outdoor Living\",\"publisher\":{\"@id\":\"https:\/\/www.umaraliving.com\/fr\/#organization\"},\"potentialAction\":[{\"@type\":\"SearchAction\",\"target\":{\"@type\":\"EntryPoint\",\"urlTemplate\":\"https:\/\/www.umaraliving.com\/fr\/?s={search_term_string}\"},\"query-input\":{\"@type\":\"PropertyValueSpecification\",\"valueRequired\":true,\"valueName\":\"search_term_string\"}}],\"inLanguage\":\"fr-FR\"},{\"@type\":\"Organization\",\"@id\":\"https:\/\/www.umaraliving.com\/fr\/#organization\",\"name\":\"UMARA\",\"url\":\"https:\/\/www.umaraliving.com\/fr\/\",\"logo\":{\"@type\":\"ImageObject\",\"inLanguage\":\"fr-FR\",\"@id\":\"https:\/\/www.umaraliving.com\/fr\/#\/schema\/logo\/image\/\",\"url\":\"https:\/\/www.umaraliving.com\/wp-content\/uploads\/2025\/11\/LOGO-UMARA-01-edu-2.svg\",\"contentUrl\":\"https:\/\/www.umaraliving.com\/wp-content\/uploads\/2025\/11\/LOGO-UMARA-01-edu-2.svg\",\"width\":383,\"height\":46,\"caption\":\"UMARA\"},\"image\":{\"@id\":\"https:\/\/www.umaraliving.com\/fr\/#\/schema\/logo\/image\/\"},\"sameAs\":[\"https:\/\/www.instagram.com\/umaraliving\/\",\"https:\/\/es.pinterest.com\/umaraliving\/\"]}]}<\/script>\n<!-- \/ Yoast SEO plugin. -->","yoast_head_json":{"title":"La communaut\u00e9 Umara - UMARA","robots":{"index":"index","follow":"follow","max-snippet":"max-snippet:-1","max-image-preview":"max-image-preview:large","max-video-preview":"max-video-preview:-1"},"canonical":"https:\/\/www.umaraliving.com\/fr\/umara-network\/","og_locale":"fr_FR","og_type":"article","og_title":"La communaut\u00e9 Umara - UMARA","og_description":"La communaut\u00e9 UMARA\u00ae Rejoignez le r\u00e9seau professionnel UMARA\u00ae et int\u00e9grez une communaut\u00e9 qui vit le design, pr\u00f4ne la qualit\u00e9 sans compromis et partage la passion pour des espaces ext\u00e9rieurs uniques. Remplissez le formulaire et d\u00e9couvrez comment grandir aux c\u00f4t\u00e9s d\u2019une marque qui mise sur l\u2019excellence, la collaboration et une nouvelle mani\u00e8re de vivre \u2014 et [&hellip;]","og_url":"https:\/\/www.umaraliving.com\/fr\/umara-network\/","og_site_name":"UMARA","article_modified_time":"2025-12-02T16:46:02+00:00","twitter_card":"summary_large_image","schema":{"@context":"https:\/\/schema.org","@graph":[{"@type":"WebPage","@id":"https:\/\/www.umaraliving.com\/fr\/umara-network\/","url":"https:\/\/www.umaraliving.com\/fr\/umara-network\/","name":"La communaut\u00e9 Umara - UMARA","isPartOf":{"@id":"https:\/\/www.umaraliving.com\/fr\/#website"},"datePublished":"2025-11-24T08:42:36+00:00","dateModified":"2025-12-02T16:46:02+00:00","breadcrumb":{"@id":"https:\/\/www.umaraliving.com\/fr\/umara-network\/#breadcrumb"},"inLanguage":"fr-FR","potentialAction":[{"@type":"ReadAction","target":["https:\/\/www.umaraliving.com\/fr\/umara-network\/"]}]},{"@type":"BreadcrumbList","@id":"https:\/\/www.umaraliving.com\/fr\/umara-network\/#breadcrumb","itemListElement":[{"@type":"ListItem","position":1,"name":"Portada","item":"https:\/\/www.umaraliving.com\/fr\/"},{"@type":"ListItem","position":2,"name":"La communaut\u00e9 Umara"}]},{"@type":"WebSite","@id":"https:\/\/www.umaraliving.com\/fr\/#website","url":"https:\/\/www.umaraliving.com\/fr\/","name":"UMARA","description":"Outdoor Living","publisher":{"@id":"https:\/\/www.umaraliving.com\/fr\/#organization"},"potentialAction":[{"@type":"SearchAction","target":{"@type":"EntryPoint","urlTemplate":"https:\/\/www.umaraliving.com\/fr\/?s={search_term_string}"},"query-input":{"@type":"PropertyValueSpecification","valueRequired":true,"valueName":"search_term_string"}}],"inLanguage":"fr-FR"},{"@type":"Organization","@id":"https:\/\/www.umaraliving.com\/fr\/#organization","name":"UMARA","url":"https:\/\/www.umaraliving.com\/fr\/","logo":{"@type":"ImageObject","inLanguage":"fr-FR","@id":"https:\/\/www.umaraliving.com\/fr\/#\/schema\/logo\/image\/","url":"https:\/\/www.umaraliving.com\/wp-content\/uploads\/2025\/11\/LOGO-UMARA-01-edu-2.svg","contentUrl":"https:\/\/www.umaraliving.com\/wp-content\/uploads\/2025\/11\/LOGO-UMARA-01-edu-2.svg","width":383,"height":46,"caption":"UMARA"},"image":{"@id":"https:\/\/www.umaraliving.com\/fr\/#\/schema\/logo\/image\/"},"sameAs":["https:\/\/www.instagram.com\/umaraliving\/","https:\/\/es.pinterest.com\/umaraliving\/"]}]}},"_links":{"self":[{"href":"https:\/\/www.umaraliving.com\/fr\/wp-json\/wp\/v2\/pages\/1763","targetHints":{"allow":["GET"]}}],"collection":[{"href":"https:\/\/www.umaraliving.com\/fr\/wp-json\/wp\/v2\/pages"}],"about":[{"href":"https:\/\/www.umaraliving.com\/fr\/wp-json\/wp\/v2\/types\/page"}],"author":[{"embeddable":true,"href":"https:\/\/www.umaraliving.com\/fr\/wp-json\/wp\/v2\/users\/2"}],"replies":[{"embeddable":true,"href":"https:\/\/www.umaraliving.com\/fr\/wp-json\/wp\/v2\/comments?post=1763"}],"version-history":[{"count":4,"href":"https:\/\/www.umaraliving.com\/fr\/wp-json\/wp\/v2\/pages\/1763\/revisions"}],"predecessor-version":[{"id":1932,"href":"https:\/\/www.umaraliving.com\/fr\/wp-json\/wp\/v2\/pages\/1763\/revisions\/1932"}],"wp:attachment":[{"href":"https:\/\/www.umaraliving.com\/fr\/wp-json\/wp\/v2\/media?parent=1763"}],"curies":[{"name":"wp","href":"https:\/\/api.w.org\/{rel}","templated":true}]}}