{"id":1839,"date":"2025-11-24T10:14:07","date_gmt":"2025-11-24T09:14:07","guid":{"rendered":"https:\/\/www.umaraliving.com\/contact\/"},"modified":"2025-12-02T17:48:03","modified_gmt":"2025-12-02T16:48:03","slug":"contact","status":"publish","type":"page","link":"https:\/\/www.umaraliving.com\/fr\/contact\/","title":{"rendered":"Contact"},"content":{"rendered":"\t\t<div data-elementor-type=\"wp-page\" data-elementor-id=\"1839\" class=\"elementor elementor-1839 elementor-1266\" data-elementor-post-type=\"page\">\n\t\t\t\t<div class=\"elementor-element elementor-element-53f778e5 e-flex e-con-boxed e-con e-parent\" data-id=\"53f778e5\" data-element_type=\"container\" data-e-type=\"container\" data-settings=\"{&quot;background_background&quot;:&quot;classic&quot;}\">\n\t\t\t\t\t<div class=\"e-con-inner\">\n\t\t<div class=\"elementor-element elementor-element-3677a757 e-con-full e-flex e-con e-child\" data-id=\"3677a757\" data-element_type=\"container\" data-e-type=\"container\">\n\t\t\t\t<div class=\"elementor-element elementor-element-74811349 elementor-widget elementor-widget-text-editor\" data-id=\"74811349\" data-element_type=\"widget\" data-e-type=\"widget\" data-widget_type=\"text-editor.default\">\n\t\t\t\t\t\t\t\t\tContact\t\t\t\t\t\t\t\t<\/div>\n\t\t\t\t<\/div>\n\t\t<div class=\"elementor-element elementor-element-28673866 e-con-full e-flex e-con e-child\" data-id=\"28673866\" data-element_type=\"container\" data-e-type=\"container\">\n\t\t<div class=\"elementor-element elementor-element-7a9441b3 e-con-full e-flex e-con e-child\" data-id=\"7a9441b3\" data-element_type=\"container\" data-e-type=\"container\">\n\t\t\t\t<div class=\"elementor-element elementor-element-19e9f45f elementor-widget elementor-widget-text-editor\" data-id=\"19e9f45f\" data-element_type=\"widget\" data-e-type=\"widget\" data-widget_type=\"text-editor.default\">\n\t\t\t\t\t\t\t\t\t<p><span style=\"color: #3c3c3c;\"><a style=\"color: #3c3c3c;\" href=\"https:\/\/maps.app.goo.gl\/1bt3aRWqpk1wG8C46\" target=\"_blank\" rel=\"noopener\">Tramuntana, 1\u2028Pol. Ind. Roques Roges\u202843460 Alcover (Tarragona), Spain  <\/a><\/span><\/p><p><span style=\"color: #3c3c3c;\"><a style=\"color: #3c3c3c;\" href=\"tel:+34977990600\">T +34 877 002 037<\/a><\/span><br><span style=\"color: #3c3c3c;\"><a style=\"color: #3c3c3c;\" href=\"mailto:info@umara.com\" target=\"_blank\" rel=\"noopener\">info@umaraliving.com<\/a><\/span><\/p>\t\t\t\t\t\t\t\t<\/div>\n\t\t\t\t<div class=\"elementor-element elementor-element-e2e8e5b elementor-mobile-align-center elementor-tablet-align-center elementor-hidden-tablet elementor-hidden-mobile elementor-widget elementor-widget-button\" data-id=\"e2e8e5b\" data-element_type=\"widget\" data-e-type=\"widget\" data-widget_type=\"button.default\">\n\t\t\t\t\t\t\t\t\t\t<a class=\"elementor-button elementor-button-link elementor-size-sm\" href=\"https:\/\/maps.app.goo.gl\/1bt3aRWqpk1wG8C46\" target=\"_blank\">\n\t\t\t\t\t\t<span class=\"elementor-button-content-wrapper\">\n\t\t\t\t\t\t\t\t\t<span class=\"elementor-button-text\">Ouvrir dans Google Maps<\/span>\n\t\t\t\t\t<\/span>\n\t\t\t\t\t<\/a>\n\t\t\t\t\t\t\t\t<\/div>\n\t\t\t\t<\/div>\n\t\t<div class=\"elementor-element elementor-element-04b8f08 e-con-full e-flex e-con e-child\" data-id=\"04b8f08\" data-element_type=\"container\" data-e-type=\"container\">\n\t\t\t\t<div class=\"elementor-element elementor-element-a5061c0 elementor-widget elementor-widget-google_maps\" data-id=\"a5061c0\" data-element_type=\"widget\" data-e-type=\"widget\" data-widget_type=\"google_maps.default\">\n\t\t\t\t\t\t\t<div class=\"elementor-custom-embed\">\n\t\t\t<iframe\n\t\t\t\t\tdata-src=\"https:\/\/maps.google.com\/maps?q=habitat%20llaza&#038;t=m&#038;z=15&#038;output=embed&#038;iwloc=near\"\n\t\t\t\t\ttitle=\"habitat llaza\"\n\t\t\t\t\taria-label=\"habitat llaza\"\n\t\t\t src=\"data:image\/svg+xml;base64,PHN2ZyB3aWR0aD0iMSIgaGVpZ2h0PSIxIiB4bWxucz0iaHR0cDovL3d3dy53My5vcmcvMjAwMC9zdmciPjwvc3ZnPg==\" class=\"lazyload\" data-load-mode=\"1\"><\/iframe>\n\t\t<\/div>\n\t\t\t\t\t\t<\/div>\n\t\t\t\t<div class=\"elementor-element elementor-element-ff4da5f elementor-mobile-align-center elementor-tablet-align-center elementor-hidden-desktop elementor-widget elementor-widget-button\" data-id=\"ff4da5f\" data-element_type=\"widget\" data-e-type=\"widget\" data-widget_type=\"button.default\">\n\t\t\t\t\t\t\t\t\t\t<a class=\"elementor-button elementor-button-link elementor-size-sm\" href=\"https:\/\/maps.app.goo.gl\/1bt3aRWqpk1wG8C46\" target=\"_blank\">\n\t\t\t\t\t\t<span class=\"elementor-button-content-wrapper\">\n\t\t\t\t\t\t\t\t\t<span class=\"elementor-button-text\">Ouvrir dans Google Maps<\/span>\n\t\t\t\t\t<\/span>\n\t\t\t\t\t<\/a>\n\t\t\t\t\t\t\t\t<\/div>\n\t\t\t\t<\/div>\n\t\t\t\t<\/div>\n\t\t\t\t\t<\/div>\n\t\t\t\t<\/div>\n\t\t<div class=\"elementor-element elementor-element-701ccdc7 e-con-full e-flex e-con e-parent\" data-id=\"701ccdc7\" data-element_type=\"container\" data-e-type=\"container\">\n\t\t<div class=\"elementor-element elementor-element-3690f682 e-con-full e-flex e-con e-child\" data-id=\"3690f682\" data-element_type=\"container\" data-e-type=\"container\" data-settings=\"{&quot;background_background&quot;:&quot;classic&quot;}\">\n\t\t<div class=\"elementor-element elementor-element-4c5bd63c e-con-full e-flex e-con e-child\" data-id=\"4c5bd63c\" data-element_type=\"container\" data-e-type=\"container\" data-settings=\"{&quot;background_background&quot;:&quot;classic&quot;}\">\n\t\t\t\t<div class=\"elementor-element elementor-element-ee4cd1c elementor-widget elementor-widget-text-editor\" data-id=\"ee4cd1c\" data-element_type=\"widget\" data-e-type=\"widget\" data-widget_type=\"text-editor.default\">\n\t\t\t\t\t\t\t\t\t<p>Tu as un lieu et tu r\u00eaves<br>d\u2019en faire un endroit plein de vie ?<\/p>\t\t\t\t\t\t\t\t<\/div>\n\t\t\t\t<div class=\"elementor-element elementor-element-1b93d8e elementor-widget__width-initial elementor-widget elementor-widget-text-editor\" data-id=\"1b93d8e\" data-element_type=\"widget\" data-e-type=\"widget\" data-widget_type=\"text-editor.default\">\n\t\t\t\t\t\t\t\t\t<p>Laisse-nous tes coordonn\u00e9es et nous te contacterons sans tarder.<\/p>\t\t\t\t\t\t\t\t<\/div>\n\t\t\t\t<\/div>\n\t\t<div class=\"elementor-element elementor-element-68d3f855 e-con-full e-flex e-con e-child\" data-id=\"68d3f855\" data-element_type=\"container\" data-e-type=\"container\">\n\t\t\t\t<div class=\"elementor-element elementor-element-5da575c9 elementor-button-align-center elementor-mobile-button-align-stretch elementor-widget elementor-widget-form\" data-id=\"5da575c9\" data-element_type=\"widget\" data-e-type=\"widget\" data-settings=\"{&quot;step_next_label&quot;:&quot;Next&quot;,&quot;step_previous_label&quot;:&quot;Previous&quot;,&quot;button_width&quot;:&quot;100&quot;,&quot;step_type&quot;:&quot;number_text&quot;,&quot;step_icon_shape&quot;:&quot;circle&quot;}\" data-widget_type=\"form.default\">\n\t\t\t\t\t\t\t<form class=\"elementor-form\" method=\"post\" name=\"Nouveau formulaire\" aria-label=\"Nouveau formulaire\">\n\t\t\t<input type=\"hidden\" name=\"post_id\" value=\"1839\"\/>\n\t\t\t<input type=\"hidden\" name=\"form_id\" value=\"5da575c9\"\/>\n\t\t\t<input type=\"hidden\" name=\"referer_title\" value=\"Contact - UMARA\" \/>\n\n\t\t\t\t\t\t\t<input type=\"hidden\" name=\"queried_id\" value=\"1839\"\/>\n\t\t\t\n\t\t\t<div class=\"elementor-form-fields-wrapper elementor-labels-above\">\n\t\t\t\t\t\t\t\t<div class=\"elementor-field-type-text elementor-field-group elementor-column elementor-field-group-name elementor-col-50\">\n\t\t\t\t\t\t\t\t\t\t\t\t<label for=\"form-field-name\" class=\"elementor-field-label\">\n\t\t\t\t\t\t\t\tName\t\t\t\t\t\t\t<\/label>\n\t\t\t\t\t\t\t\t\t\t\t\t\t\t<input size=\"1\" type=\"text\" name=\"form_fields[name]\" id=\"form-field-name\" class=\"elementor-field elementor-size-sm  elementor-field-textual\">\n\t\t\t\t\t\t\t\t\t\t\t<\/div>\n\t\t\t\t\t\t\t\t<div class=\"elementor-field-type-text elementor-field-group elementor-column elementor-field-group-field_4971046 elementor-col-50\">\n\t\t\t\t\t\t\t\t\t\t\t\t<label for=\"form-field-field_4971046\" class=\"elementor-field-label\">\n\t\t\t\t\t\t\t\tLast name\t\t\t\t\t\t\t<\/label>\n\t\t\t\t\t\t\t\t\t\t\t\t\t\t<input size=\"1\" type=\"text\" name=\"form_fields[field_4971046]\" id=\"form-field-field_4971046\" class=\"elementor-field elementor-size-sm  elementor-field-textual\">\n\t\t\t\t\t\t\t\t\t\t\t<\/div>\n\t\t\t\t\t\t\t\t<div class=\"elementor-field-type-tel elementor-field-group elementor-column elementor-field-group-email elementor-col-50 elementor-field-required\">\n\t\t\t\t\t\t\t\t\t\t\t\t<label for=\"form-field-email\" class=\"elementor-field-label\">\n\t\t\t\t\t\t\t\tPhone\t\t\t\t\t\t\t<\/label>\n\t\t\t\t\t\t\t\t<input size=\"1\" type=\"tel\" name=\"form_fields[email]\" id=\"form-field-email\" class=\"elementor-field elementor-size-sm  elementor-field-textual\" placeholder=\" \" required=\"required\" pattern=\"[0-9()#&amp;+*-=.]+\" title=\"Seuls les caract\u00e8res de num\u00e9ros de t\u00e9l\u00e9phone (#, -, *, etc.) sont accept\u00e9s.\">\n\n\t\t\t\t\t\t<\/div>\n\t\t\t\t\t\t\t\t<div class=\"elementor-field-type-email elementor-field-group elementor-column elementor-field-group-field_4f5525b elementor-col-50 elementor-field-required\">\n\t\t\t\t\t\t\t\t\t\t\t\t<label for=\"form-field-field_4f5525b\" class=\"elementor-field-label\">\n\t\t\t\t\t\t\t\tEmail\t\t\t\t\t\t\t<\/label>\n\t\t\t\t\t\t\t\t\t\t\t\t\t\t<input size=\"1\" type=\"email\" name=\"form_fields[field_4f5525b]\" id=\"form-field-field_4f5525b\" class=\"elementor-field elementor-size-sm  elementor-field-textual\" required=\"required\">\n\t\t\t\t\t\t\t\t\t\t\t<\/div>\n\t\t\t\t\t\t\t\t<div class=\"elementor-field-type-text elementor-field-group elementor-column elementor-field-group-field_90985aa elementor-col-50\">\n\t\t\t\t\t\t\t\t\t\t\t\t<label for=\"form-field-field_90985aa\" class=\"elementor-field-label\">\n\t\t\t\t\t\t\t\tAdresse\t\t\t\t\t\t\t<\/label>\n\t\t\t\t\t\t\t\t\t\t\t\t\t\t<input size=\"1\" type=\"text\" name=\"form_fields[field_90985aa]\" id=\"form-field-field_90985aa\" class=\"elementor-field elementor-size-sm  elementor-field-textual\">\n\t\t\t\t\t\t\t\t\t\t\t<\/div>\n\t\t\t\t\t\t\t\t<div class=\"elementor-field-type-text elementor-field-group elementor-column elementor-field-group-field_afe6115 elementor-col-25\">\n\t\t\t\t\t\t\t\t\t\t\t\t<label for=\"form-field-field_afe6115\" class=\"elementor-field-label\">\n\t\t\t\t\t\t\t\tCountry\t\t\t\t\t\t\t<\/label>\n\t\t\t\t\t\t\t\t\t\t\t\t\t\t<input size=\"1\" type=\"text\" name=\"form_fields[field_afe6115]\" id=\"form-field-field_afe6115\" class=\"elementor-field elementor-size-sm  elementor-field-textual\">\n\t\t\t\t\t\t\t\t\t\t\t<\/div>\n\t\t\t\t\t\t\t\t<div class=\"elementor-field-type-text elementor-field-group elementor-column elementor-field-group-field_14badbe elementor-col-25\">\n\t\t\t\t\t\t\t\t\t\t\t\t<label for=\"form-field-field_14badbe\" class=\"elementor-field-label\">\n\t\t\t\t\t\t\t\tState\t\t\t\t\t\t\t<\/label>\n\t\t\t\t\t\t\t\t\t\t\t\t\t\t<input size=\"1\" type=\"text\" name=\"form_fields[field_14badbe]\" id=\"form-field-field_14badbe\" class=\"elementor-field elementor-size-sm  elementor-field-textual\">\n\t\t\t\t\t\t\t\t\t\t\t<\/div>\n\t\t\t\t\t\t\t\t<div class=\"elementor-field-type-select elementor-field-group elementor-column elementor-field-group-field_9c1244f elementor-col-100\">\n\t\t\t\t\t\t\t\t\t\t\t\t<label for=\"form-field-field_9c1244f\" class=\"elementor-field-label\">\n\t\t\t\t\t\t\t\tProduit qui m\u2019int\u00e9resse\t\t\t\t\t\t\t<\/label>\n\t\t\t\t\t\t\t\t<div class=\"elementor-field elementor-select-wrapper remove-before \">\n\t\t\t<div class=\"select-caret-down-wrapper\">\n\t\t\t\t<svg aria-hidden=\"true\" class=\"e-font-icon-svg e-eicon-caret-down\" viewBox=\"0 0 571.4 571.4\" xmlns=\"http:\/\/www.w3.org\/2000\/svg\"><path d=\"M571 393Q571 407 561 418L311 668Q300 679 286 679T261 668L11 418Q0 407 0 393T11 368 36 357H536Q550 357 561 368T571 393Z\"><\/path><\/svg>\t\t\t<\/div>\n\t\t\t<select name=\"form_fields[field_9c1244f]\" id=\"form-field-field_9c1244f\" class=\"elementor-field-textual elementor-size-sm\">\n\t\t\t\t\t\t\t\t\t<option value=\"\"><\/option>\n\t\t\t\t\t\t\t\t\t<option value=\"Option 1\">Option 1<\/option>\n\t\t\t\t\t\t\t\t\t<option value=\"Option 2\">Option 2<\/option>\n\t\t\t\t\t\t\t\t\t<option value=\"Option 3\">Option 3<\/option>\n\t\t\t\t\t\t\t\t\t<option value=\"Option 4\">Option 4<\/option>\n\t\t\t\t\t\t\t\t\t<option value=\"Option 5\">Option 5<\/option>\n\t\t\t\t\t\t\t<\/select>\n\t\t<\/div>\n\t\t\t\t\t\t<\/div>\n\t\t\t\t\t\t\t\t<div class=\"elementor-field-type-textarea elementor-field-group elementor-column elementor-field-group-message elementor-col-100\">\n\t\t\t\t\t\t\t\t\t\t\t\t<label for=\"form-field-message\" class=\"elementor-field-label\">\n\t\t\t\t\t\t\t\tCommentaires\t\t\t\t\t\t\t<\/label>\n\t\t\t\t\t\t<textarea class=\"elementor-field-textual elementor-field  elementor-size-sm\" name=\"form_fields[message]\" id=\"form-field-message\" rows=\"4\"><\/textarea>\t\t\t\t<\/div>\n\t\t\t\t\t\t\t\t<div class=\"elementor-field-type-recaptcha_v3 elementor-field-group elementor-column elementor-field-group-field_93fc7ee elementor-col-100 recaptcha_v3-bottomright\">\n\t\t\t\t\t<div class=\"elementor-field\" id=\"form-field-field_93fc7ee\"><div class=\"elementor-g-recaptcha\" data-sitekey=\"6LeyKB8sAAAAAIt5bcjrVo8M4fdnCZyXrmbleHhs\" data-type=\"v3\" data-action=\"Form\" data-badge=\"bottomright\" data-size=\"invisible\"><\/div><\/div>\t\t\t\t<\/div>\n\t\t\t\t\t\t\t\t<div class=\"elementor-field-group elementor-column elementor-field-type-submit elementor-col-100 e-form__buttons\">\n\t\t\t\t\t<button class=\"elementor-button elementor-size-sm\" type=\"submit\">\n\t\t\t\t\t\t<span class=\"elementor-button-content-wrapper\">\n\t\t\t\t\t\t\t\t\t\t\t\t\t\t\t\t\t\t\t\t\t\t<span class=\"elementor-button-text\">Envoyer<\/span>\n\t\t\t\t\t\t\t\t\t\t\t\t\t<\/span>\n\t\t\t\t\t<\/button>\n\t\t\t\t<\/div>\n\t\t\t<\/div>\n\t\t<\/form>\n\t\t\t\t\t\t<\/div>\n\t\t\t\t<\/div>\n\t\t\t\t<\/div>\n\t\t\t\t<\/div>\n\t\t\t\t<\/div>\n\t\t","protected":false},"excerpt":{"rendered":"<p>Contact Tramuntana, 1\u2028Pol. Ind. Roques Roges\u202843460 Alcover (Tarragona), Spain T +34 877 002 037info@umaraliving.com Ouvrir dans Google Maps Ouvrir dans Google Maps Tu as un lieu et tu r\u00eavesd\u2019en faire un endroit plein de vie ? Laisse-nous tes coordonn\u00e9es et nous te contacterons sans tarder.<\/p>\n","protected":false},"author":2,"featured_media":0,"parent":0,"menu_order":0,"comment_status":"closed","ping_status":"closed","template":"elementor_header_footer","meta":{"footnotes":""},"class_list":["post-1839","page","type-page","status-publish","hentry"],"yoast_head":"<!-- This site is optimized with the Yoast SEO plugin v27.2 - https:\/\/yoast.com\/product\/yoast-seo-wordpress\/ -->\n<title>Contact - UMARA<\/title>\n<meta name=\"robots\" content=\"index, follow, max-snippet:-1, max-image-preview:large, max-video-preview:-1\" \/>\n<link rel=\"canonical\" href=\"https:\/\/www.umaraliving.com\/fr\/contact\/\" \/>\n<meta property=\"og:locale\" content=\"fr_FR\" \/>\n<meta property=\"og:type\" content=\"article\" \/>\n<meta property=\"og:title\" content=\"Contact - UMARA\" \/>\n<meta property=\"og:description\" content=\"Contact Tramuntana, 1\u2028Pol. Ind. Roques Roges\u202843460 Alcover (Tarragona), Spain T +34 877 002 037info@umaraliving.com Ouvrir dans Google Maps Ouvrir dans Google Maps Tu as un lieu et tu r\u00eavesd\u2019en faire un endroit plein de vie ? Laisse-nous tes coordonn\u00e9es et nous te contacterons sans tarder.\" \/>\n<meta property=\"og:url\" content=\"https:\/\/www.umaraliving.com\/fr\/contact\/\" \/>\n<meta property=\"og:site_name\" content=\"UMARA\" \/>\n<meta property=\"article:modified_time\" content=\"2025-12-02T16:48:03+00:00\" \/>\n<meta name=\"twitter:card\" content=\"summary_large_image\" \/>\n<script type=\"application\/ld+json\" class=\"yoast-schema-graph\">{\"@context\":\"https:\/\/schema.org\",\"@graph\":[{\"@type\":\"WebPage\",\"@id\":\"https:\/\/www.umaraliving.com\/fr\/contact\/\",\"url\":\"https:\/\/www.umaraliving.com\/fr\/contact\/\",\"name\":\"Contact - UMARA\",\"isPartOf\":{\"@id\":\"https:\/\/www.umaraliving.com\/fr\/#website\"},\"datePublished\":\"2025-11-24T09:14:07+00:00\",\"dateModified\":\"2025-12-02T16:48:03+00:00\",\"breadcrumb\":{\"@id\":\"https:\/\/www.umaraliving.com\/fr\/contact\/#breadcrumb\"},\"inLanguage\":\"fr-FR\",\"potentialAction\":[{\"@type\":\"ReadAction\",\"target\":[\"https:\/\/www.umaraliving.com\/fr\/contact\/\"]}]},{\"@type\":\"BreadcrumbList\",\"@id\":\"https:\/\/www.umaraliving.com\/fr\/contact\/#breadcrumb\",\"itemListElement\":[{\"@type\":\"ListItem\",\"position\":1,\"name\":\"Portada\",\"item\":\"https:\/\/www.umaraliving.com\/fr\/\"},{\"@type\":\"ListItem\",\"position\":2,\"name\":\"Contact\"}]},{\"@type\":\"WebSite\",\"@id\":\"https:\/\/www.umaraliving.com\/fr\/#website\",\"url\":\"https:\/\/www.umaraliving.com\/fr\/\",\"name\":\"UMARA\",\"description\":\"Outdoor Living\",\"publisher\":{\"@id\":\"https:\/\/www.umaraliving.com\/fr\/#organization\"},\"potentialAction\":[{\"@type\":\"SearchAction\",\"target\":{\"@type\":\"EntryPoint\",\"urlTemplate\":\"https:\/\/www.umaraliving.com\/fr\/?s={search_term_string}\"},\"query-input\":{\"@type\":\"PropertyValueSpecification\",\"valueRequired\":true,\"valueName\":\"search_term_string\"}}],\"inLanguage\":\"fr-FR\"},{\"@type\":\"Organization\",\"@id\":\"https:\/\/www.umaraliving.com\/fr\/#organization\",\"name\":\"UMARA\",\"url\":\"https:\/\/www.umaraliving.com\/fr\/\",\"logo\":{\"@type\":\"ImageObject\",\"inLanguage\":\"fr-FR\",\"@id\":\"https:\/\/www.umaraliving.com\/fr\/#\/schema\/logo\/image\/\",\"url\":\"https:\/\/www.umaraliving.com\/wp-content\/uploads\/2025\/11\/LOGO-UMARA-01-edu-2.svg\",\"contentUrl\":\"https:\/\/www.umaraliving.com\/wp-content\/uploads\/2025\/11\/LOGO-UMARA-01-edu-2.svg\",\"width\":383,\"height\":46,\"caption\":\"UMARA\"},\"image\":{\"@id\":\"https:\/\/www.umaraliving.com\/fr\/#\/schema\/logo\/image\/\"},\"sameAs\":[\"https:\/\/www.instagram.com\/umaraliving\/\",\"https:\/\/es.pinterest.com\/umaraliving\/\"]}]}<\/script>\n<!-- \/ Yoast SEO plugin. -->","yoast_head_json":{"title":"Contact - UMARA","robots":{"index":"index","follow":"follow","max-snippet":"max-snippet:-1","max-image-preview":"max-image-preview:large","max-video-preview":"max-video-preview:-1"},"canonical":"https:\/\/www.umaraliving.com\/fr\/contact\/","og_locale":"fr_FR","og_type":"article","og_title":"Contact - UMARA","og_description":"Contact Tramuntana, 1\u2028Pol. Ind. Roques Roges\u202843460 Alcover (Tarragona), Spain T +34 877 002 037info@umaraliving.com Ouvrir dans Google Maps Ouvrir dans Google Maps Tu as un lieu et tu r\u00eavesd\u2019en faire un endroit plein de vie ? Laisse-nous tes coordonn\u00e9es et nous te contacterons sans tarder.","og_url":"https:\/\/www.umaraliving.com\/fr\/contact\/","og_site_name":"UMARA","article_modified_time":"2025-12-02T16:48:03+00:00","twitter_card":"summary_large_image","schema":{"@context":"https:\/\/schema.org","@graph":[{"@type":"WebPage","@id":"https:\/\/www.umaraliving.com\/fr\/contact\/","url":"https:\/\/www.umaraliving.com\/fr\/contact\/","name":"Contact - UMARA","isPartOf":{"@id":"https:\/\/www.umaraliving.com\/fr\/#website"},"datePublished":"2025-11-24T09:14:07+00:00","dateModified":"2025-12-02T16:48:03+00:00","breadcrumb":{"@id":"https:\/\/www.umaraliving.com\/fr\/contact\/#breadcrumb"},"inLanguage":"fr-FR","potentialAction":[{"@type":"ReadAction","target":["https:\/\/www.umaraliving.com\/fr\/contact\/"]}]},{"@type":"BreadcrumbList","@id":"https:\/\/www.umaraliving.com\/fr\/contact\/#breadcrumb","itemListElement":[{"@type":"ListItem","position":1,"name":"Portada","item":"https:\/\/www.umaraliving.com\/fr\/"},{"@type":"ListItem","position":2,"name":"Contact"}]},{"@type":"WebSite","@id":"https:\/\/www.umaraliving.com\/fr\/#website","url":"https:\/\/www.umaraliving.com\/fr\/","name":"UMARA","description":"Outdoor Living","publisher":{"@id":"https:\/\/www.umaraliving.com\/fr\/#organization"},"potentialAction":[{"@type":"SearchAction","target":{"@type":"EntryPoint","urlTemplate":"https:\/\/www.umaraliving.com\/fr\/?s={search_term_string}"},"query-input":{"@type":"PropertyValueSpecification","valueRequired":true,"valueName":"search_term_string"}}],"inLanguage":"fr-FR"},{"@type":"Organization","@id":"https:\/\/www.umaraliving.com\/fr\/#organization","name":"UMARA","url":"https:\/\/www.umaraliving.com\/fr\/","logo":{"@type":"ImageObject","inLanguage":"fr-FR","@id":"https:\/\/www.umaraliving.com\/fr\/#\/schema\/logo\/image\/","url":"https:\/\/www.umaraliving.com\/wp-content\/uploads\/2025\/11\/LOGO-UMARA-01-edu-2.svg","contentUrl":"https:\/\/www.umaraliving.com\/wp-content\/uploads\/2025\/11\/LOGO-UMARA-01-edu-2.svg","width":383,"height":46,"caption":"UMARA"},"image":{"@id":"https:\/\/www.umaraliving.com\/fr\/#\/schema\/logo\/image\/"},"sameAs":["https:\/\/www.instagram.com\/umaraliving\/","https:\/\/es.pinterest.com\/umaraliving\/"]}]}},"_links":{"self":[{"href":"https:\/\/www.umaraliving.com\/fr\/wp-json\/wp\/v2\/pages\/1839","targetHints":{"allow":["GET"]}}],"collection":[{"href":"https:\/\/www.umaraliving.com\/fr\/wp-json\/wp\/v2\/pages"}],"about":[{"href":"https:\/\/www.umaraliving.com\/fr\/wp-json\/wp\/v2\/types\/page"}],"author":[{"embeddable":true,"href":"https:\/\/www.umaraliving.com\/fr\/wp-json\/wp\/v2\/users\/2"}],"replies":[{"embeddable":true,"href":"https:\/\/www.umaraliving.com\/fr\/wp-json\/wp\/v2\/comments?post=1839"}],"version-history":[{"count":2,"href":"https:\/\/www.umaraliving.com\/fr\/wp-json\/wp\/v2\/pages\/1839\/revisions"}],"predecessor-version":[{"id":1937,"href":"https:\/\/www.umaraliving.com\/fr\/wp-json\/wp\/v2\/pages\/1839\/revisions\/1937"}],"wp:attachment":[{"href":"https:\/\/www.umaraliving.com\/fr\/wp-json\/wp\/v2\/media?parent=1839"}],"curies":[{"name":"wp","href":"https:\/\/api.w.org\/{rel}","templated":true}]}}